{"id":2,"date":"2020-06-15T12:38:03","date_gmt":"2020-06-15T10:38:03","guid":{"rendered":"http:\/\/physiotherapie-bodo-peckruhn.de\/?page_id=2"},"modified":"2024-05-23T13:13:39","modified_gmt":"2024-05-23T11:13:39","slug":"beispiel-seite","status":"publish","type":"page","link":"https:\/\/physiotherapie-bodo-peckruhn.de\/","title":{"rendered":"Herzlich Willkommen"},"content":{"rendered":"\n<p><strong>\u2026in meiner Physiotherapiepraxis.<\/strong><\/p>\n\n\n<div class=\"wp-block-image\">\n<figure class=\"aligncenter size-full\"><img loading=\"lazy\" decoding=\"async\" width=\"2560\" height=\"1922\" src=\"https:\/\/physiotherapie-bodo-peckruhn.de\/wp-content\/uploads\/2020\/06\/Bodo-Peckruhn-Physiotherapie-Praxis-seit-2000-scaled.jpg\" alt=\"Bodo Peckruhn\" class=\"wp-image-372\" srcset=\"https:\/\/physiotherapie-bodo-peckruhn.de\/wp-content\/uploads\/2020\/06\/Bodo-Peckruhn-Physiotherapie-Praxis-seit-2000-scaled.jpg 2560w, https:\/\/physiotherapie-bodo-peckruhn.de\/wp-content\/uploads\/2020\/06\/Bodo-Peckruhn-Physiotherapie-Praxis-seit-2000-300x225.jpg 300w, https:\/\/physiotherapie-bodo-peckruhn.de\/wp-content\/uploads\/2020\/06\/Bodo-Peckruhn-Physiotherapie-Praxis-seit-2000-1024x769.jpg 1024w, https:\/\/physiotherapie-bodo-peckruhn.de\/wp-content\/uploads\/2020\/06\/Bodo-Peckruhn-Physiotherapie-Praxis-seit-2000-768x577.jpg 768w, https:\/\/physiotherapie-bodo-peckruhn.de\/wp-content\/uploads\/2020\/06\/Bodo-Peckruhn-Physiotherapie-Praxis-seit-2000-1536x1153.jpg 1536w, https:\/\/physiotherapie-bodo-peckruhn.de\/wp-content\/uploads\/2020\/06\/Bodo-Peckruhn-Physiotherapie-Praxis-seit-2000-2048x1538.jpg 2048w\" sizes=\"auto, (max-width: 2560px) 100vw, 2560px\" \/><figcaption class=\"wp-element-caption\"><strong><center>Mein Team und ich freuen uns Sie begr\u00fc\u00dfen zu d\u00fcrfen.<\/center><\/strong> Liebe Patientinnen und Patienten, wir sind f\u00fcr Sie mit Spa\u00df an unserer Arbeit da. Meine Mitarbeiterinnen und ich sind auf verschiedenen Gebieten qualifiziert, um gezielt Ihre Beschwerden zu behandeln.  Wir sehen den Organismus als etwas Ganzes. Wir wollen Einfluss nehmen auf Knochen, Muskeln, B\u00e4nder, Organe und das craniosacrale System. Damit versuchen wir dem K\u00f6rper Halt und Beweglichkeit zu geben, damit alle Strukturen bestm\u00f6glich mit Fl\u00fcssigkeit versorgt werden.&nbsp;<br>&nbsp;<br>Ihr Bodo Peckruhn<\/figcaption><\/figure>\n<\/div>","protected":false},"excerpt":{"rendered":"<p>\u2026in meiner Physiotherapiepraxis.<\/p>\n","protected":false},"author":2,"featured_media":0,"parent":0,"menu_order":0,"comment_status":"closed","ping_status":"closed","template":"","meta":{"footnotes":""},"class_list":["post-2","page","type-page","status-publish","hentry"],"yoast_head":"<!-- This site is optimized with the Yoast SEO plugin v27.4 - https:\/\/yoast.com\/product\/yoast-seo-wordpress\/ -->\n<title>Herzlich Willkommen - Bodo Peckruhn<\/title>\n<meta name=\"robots\" content=\"index, follow, max-snippet:-1, max-image-preview:large, max-video-preview:-1\" \/>\n<link rel=\"canonical\" href=\"https:\/\/physiotherapie-bodo-peckruhn.de\/\" \/>\n<meta property=\"og:locale\" content=\"de_DE\" \/>\n<meta property=\"og:type\" content=\"article\" \/>\n<meta property=\"og:title\" content=\"Herzlich Willkommen - Bodo Peckruhn\" \/>\n<meta property=\"og:description\" content=\"\u2026in meiner Physiotherapiepraxis.\" \/>\n<meta property=\"og:url\" content=\"https:\/\/physiotherapie-bodo-peckruhn.de\/\" \/>\n<meta property=\"og:site_name\" content=\"Bodo Peckruhn\" \/>\n<meta property=\"article:modified_time\" content=\"2024-05-23T11:13:39+00:00\" \/>\n<meta property=\"og:image\" content=\"https:\/\/physiotherapie-bodo-peckruhn.de\/wp-content\/uploads\/2020\/06\/Bodo-Peckruhn-Physiotherapie-Praxis-seit-2000-scaled.jpg\" \/>\n<meta name=\"twitter:card\" content=\"summary_large_image\" \/>\n<meta name=\"twitter:label1\" content=\"Gesch\u00e4tzte Lesezeit\" \/>\n\t<meta name=\"twitter:data1\" content=\"1\u00a0Minute\" \/>\n<script type=\"application\/ld+json\" class=\"yoast-schema-graph\">{\"@context\":\"https:\\\/\\\/schema.org\",\"@graph\":[{\"@type\":\"WebPage\",\"@id\":\"https:\\\/\\\/physiotherapie-bodo-peckruhn.de\\\/\",\"url\":\"https:\\\/\\\/physiotherapie-bodo-peckruhn.de\\\/\",\"name\":\"Herzlich Willkommen - Bodo Peckruhn\",\"isPartOf\":{\"@id\":\"https:\\\/\\\/physiotherapie-bodo-peckruhn.de\\\/#website\"},\"primaryImageOfPage\":{\"@id\":\"https:\\\/\\\/physiotherapie-bodo-peckruhn.de\\\/#primaryimage\"},\"image\":{\"@id\":\"https:\\\/\\\/physiotherapie-bodo-peckruhn.de\\\/#primaryimage\"},\"thumbnailUrl\":\"https:\\\/\\\/physiotherapie-bodo-peckruhn.de\\\/wp-content\\\/uploads\\\/2020\\\/06\\\/Bodo-Peckruhn-Physiotherapie-Praxis-seit-2000-scaled.jpg\",\"datePublished\":\"2020-06-15T10:38:03+00:00\",\"dateModified\":\"2024-05-23T11:13:39+00:00\",\"breadcrumb\":{\"@id\":\"https:\\\/\\\/physiotherapie-bodo-peckruhn.de\\\/#breadcrumb\"},\"inLanguage\":\"de\",\"potentialAction\":[{\"@type\":\"ReadAction\",\"target\":[\"https:\\\/\\\/physiotherapie-bodo-peckruhn.de\\\/\"]}]},{\"@type\":\"ImageObject\",\"inLanguage\":\"de\",\"@id\":\"https:\\\/\\\/physiotherapie-bodo-peckruhn.de\\\/#primaryimage\",\"url\":\"https:\\\/\\\/physiotherapie-bodo-peckruhn.de\\\/wp-content\\\/uploads\\\/2020\\\/06\\\/Bodo-Peckruhn-Physiotherapie-Praxis-seit-2000-scaled.jpg\",\"contentUrl\":\"https:\\\/\\\/physiotherapie-bodo-peckruhn.de\\\/wp-content\\\/uploads\\\/2020\\\/06\\\/Bodo-Peckruhn-Physiotherapie-Praxis-seit-2000-scaled.jpg\",\"width\":2560,\"height\":1922,\"caption\":\"Bodo Peckruhn\"},{\"@type\":\"BreadcrumbList\",\"@id\":\"https:\\\/\\\/physiotherapie-bodo-peckruhn.de\\\/#breadcrumb\",\"itemListElement\":[{\"@type\":\"ListItem\",\"position\":1,\"name\":\"Startseite\",\"item\":\"https:\\\/\\\/physiotherapie-bodo-peckruhn.de\\\/\"},{\"@type\":\"ListItem\",\"position\":2,\"name\":\"Herzlich Willkommen\"}]},{\"@type\":\"WebSite\",\"@id\":\"https:\\\/\\\/physiotherapie-bodo-peckruhn.de\\\/#website\",\"url\":\"https:\\\/\\\/physiotherapie-bodo-peckruhn.de\\\/\",\"name\":\"Physiotherapie Bodo Peckruhn\",\"description\":\"Praxis f\u00fcr Physiotherapie\",\"publisher\":{\"@id\":\"https:\\\/\\\/physiotherapie-bodo-peckruhn.de\\\/#organization\"},\"potentialAction\":[{\"@type\":\"SearchAction\",\"target\":{\"@type\":\"EntryPoint\",\"urlTemplate\":\"https:\\\/\\\/physiotherapie-bodo-peckruhn.de\\\/?s={search_term_string}\"},\"query-input\":{\"@type\":\"PropertyValueSpecification\",\"valueRequired\":true,\"valueName\":\"search_term_string\"}}],\"inLanguage\":\"de\"},{\"@type\":\"Organization\",\"@id\":\"https:\\\/\\\/physiotherapie-bodo-peckruhn.de\\\/#organization\",\"name\":\"Praxis f\u00fcr Physiotherapie Bodo Peckruhn\",\"url\":\"https:\\\/\\\/physiotherapie-bodo-peckruhn.de\\\/\",\"logo\":{\"@type\":\"ImageObject\",\"inLanguage\":\"de\",\"@id\":\"https:\\\/\\\/physiotherapie-bodo-peckruhn.de\\\/#\\\/schema\\\/logo\\\/image\\\/\",\"url\":\"https:\\\/\\\/physiotherapie-bodo-peckruhn.de\\\/wp-content\\\/uploads\\\/2020\\\/09\\\/cropped-Logo-BP.jpg\",\"contentUrl\":\"https:\\\/\\\/physiotherapie-bodo-peckruhn.de\\\/wp-content\\\/uploads\\\/2020\\\/09\\\/cropped-Logo-BP.jpg\",\"width\":87,\"height\":87,\"caption\":\"Praxis f\u00fcr Physiotherapie Bodo Peckruhn\"},\"image\":{\"@id\":\"https:\\\/\\\/physiotherapie-bodo-peckruhn.de\\\/#\\\/schema\\\/logo\\\/image\\\/\"}}]}<\/script>\n<!-- \/ Yoast SEO plugin. -->","yoast_head_json":{"title":"Herzlich Willkommen - Bodo Peckruhn","robots":{"index":"index","follow":"follow","max-snippet":"max-snippet:-1","max-image-preview":"max-image-preview:large","max-video-preview":"max-video-preview:-1"},"canonical":"https:\/\/physiotherapie-bodo-peckruhn.de\/","og_locale":"de_DE","og_type":"article","og_title":"Herzlich Willkommen - Bodo Peckruhn","og_description":"\u2026in meiner Physiotherapiepraxis.","og_url":"https:\/\/physiotherapie-bodo-peckruhn.de\/","og_site_name":"Bodo Peckruhn","article_modified_time":"2024-05-23T11:13:39+00:00","og_image":[{"url":"https:\/\/physiotherapie-bodo-peckruhn.de\/wp-content\/uploads\/2020\/06\/Bodo-Peckruhn-Physiotherapie-Praxis-seit-2000-scaled.jpg","type":"","width":"","height":""}],"twitter_card":"summary_large_image","twitter_misc":{"Gesch\u00e4tzte Lesezeit":"1\u00a0Minute"},"schema":{"@context":"https:\/\/schema.org","@graph":[{"@type":"WebPage","@id":"https:\/\/physiotherapie-bodo-peckruhn.de\/","url":"https:\/\/physiotherapie-bodo-peckruhn.de\/","name":"Herzlich Willkommen - Bodo Peckruhn","isPartOf":{"@id":"https:\/\/physiotherapie-bodo-peckruhn.de\/#website"},"primaryImageOfPage":{"@id":"https:\/\/physiotherapie-bodo-peckruhn.de\/#primaryimage"},"image":{"@id":"https:\/\/physiotherapie-bodo-peckruhn.de\/#primaryimage"},"thumbnailUrl":"https:\/\/physiotherapie-bodo-peckruhn.de\/wp-content\/uploads\/2020\/06\/Bodo-Peckruhn-Physiotherapie-Praxis-seit-2000-scaled.jpg","datePublished":"2020-06-15T10:38:03+00:00","dateModified":"2024-05-23T11:13:39+00:00","breadcrumb":{"@id":"https:\/\/physiotherapie-bodo-peckruhn.de\/#breadcrumb"},"inLanguage":"de","potentialAction":[{"@type":"ReadAction","target":["https:\/\/physiotherapie-bodo-peckruhn.de\/"]}]},{"@type":"ImageObject","inLanguage":"de","@id":"https:\/\/physiotherapie-bodo-peckruhn.de\/#primaryimage","url":"https:\/\/physiotherapie-bodo-peckruhn.de\/wp-content\/uploads\/2020\/06\/Bodo-Peckruhn-Physiotherapie-Praxis-seit-2000-scaled.jpg","contentUrl":"https:\/\/physiotherapie-bodo-peckruhn.de\/wp-content\/uploads\/2020\/06\/Bodo-Peckruhn-Physiotherapie-Praxis-seit-2000-scaled.jpg","width":2560,"height":1922,"caption":"Bodo Peckruhn"},{"@type":"BreadcrumbList","@id":"https:\/\/physiotherapie-bodo-peckruhn.de\/#breadcrumb","itemListElement":[{"@type":"ListItem","position":1,"name":"Startseite","item":"https:\/\/physiotherapie-bodo-peckruhn.de\/"},{"@type":"ListItem","position":2,"name":"Herzlich Willkommen"}]},{"@type":"WebSite","@id":"https:\/\/physiotherapie-bodo-peckruhn.de\/#website","url":"https:\/\/physiotherapie-bodo-peckruhn.de\/","name":"Physiotherapie Bodo Peckruhn","description":"Praxis f\u00fcr Physiotherapie","publisher":{"@id":"https:\/\/physiotherapie-bodo-peckruhn.de\/#organization"},"potentialAction":[{"@type":"SearchAction","target":{"@type":"EntryPoint","urlTemplate":"https:\/\/physiotherapie-bodo-peckruhn.de\/?s={search_term_string}"},"query-input":{"@type":"PropertyValueSpecification","valueRequired":true,"valueName":"search_term_string"}}],"inLanguage":"de"},{"@type":"Organization","@id":"https:\/\/physiotherapie-bodo-peckruhn.de\/#organization","name":"Praxis f\u00fcr Physiotherapie Bodo Peckruhn","url":"https:\/\/physiotherapie-bodo-peckruhn.de\/","logo":{"@type":"ImageObject","inLanguage":"de","@id":"https:\/\/physiotherapie-bodo-peckruhn.de\/#\/schema\/logo\/image\/","url":"https:\/\/physiotherapie-bodo-peckruhn.de\/wp-content\/uploads\/2020\/09\/cropped-Logo-BP.jpg","contentUrl":"https:\/\/physiotherapie-bodo-peckruhn.de\/wp-content\/uploads\/2020\/09\/cropped-Logo-BP.jpg","width":87,"height":87,"caption":"Praxis f\u00fcr Physiotherapie Bodo Peckruhn"},"image":{"@id":"https:\/\/physiotherapie-bodo-peckruhn.de\/#\/schema\/logo\/image\/"}}]}},"_links":{"self":[{"href":"https:\/\/physiotherapie-bodo-peckruhn.de\/index.php\/wp-json\/wp\/v2\/pages\/2","targetHints":{"allow":["GET"]}}],"collection":[{"href":"https:\/\/physiotherapie-bodo-peckruhn.de\/index.php\/wp-json\/wp\/v2\/pages"}],"about":[{"href":"https:\/\/physiotherapie-bodo-peckruhn.de\/index.php\/wp-json\/wp\/v2\/types\/page"}],"author":[{"embeddable":true,"href":"https:\/\/physiotherapie-bodo-peckruhn.de\/index.php\/wp-json\/wp\/v2\/users\/2"}],"replies":[{"embeddable":true,"href":"https:\/\/physiotherapie-bodo-peckruhn.de\/index.php\/wp-json\/wp\/v2\/comments?post=2"}],"version-history":[{"count":46,"href":"https:\/\/physiotherapie-bodo-peckruhn.de\/index.php\/wp-json\/wp\/v2\/pages\/2\/revisions"}],"predecessor-version":[{"id":493,"href":"https:\/\/physiotherapie-bodo-peckruhn.de\/index.php\/wp-json\/wp\/v2\/pages\/2\/revisions\/493"}],"wp:attachment":[{"href":"https:\/\/physiotherapie-bodo-peckruhn.de\/index.php\/wp-json\/wp\/v2\/media?parent=2"}],"curies":[{"name":"wp","href":"https:\/\/api.w.org\/{rel}","templated":true}]}}